{"id":20076,"date":"2024-04-29T13:36:15","date_gmt":"2024-04-29T11:36:15","guid":{"rendered":"https:\/\/baselle.com\/?page_id=20076"},"modified":"2024-09-06T00:21:21","modified_gmt":"2024-09-05T22:21:21","slug":"about-us-mlb","status":"publish","type":"page","link":"https:\/\/baselle.com\/en\/about-us-mlb\/","title":{"rendered":"About us"},"content":{"rendered":"<section class=\"main-hero-about\">\r\n<div class=\"about-container\">\r\n<\/div>\r\n<\/section>\r\n<section class=\"about-us-top\">\r\n<div class=\"about-container page-headline-style\">\r\n<div class=\"page-headline\">\r\n<div class=\"page-headline_sub\">About Us<\/div>\r\n<h1 class=\"page-headline_main\">Welcome to BASELLE<\/h1>\r\n<\/div>\r\n<\/div>\r\n\r\n<div class=\"img-content-wrapper img-content-wrapper--about-us img-content-wrapper_back\">\r\n<div class=\"about-container\">\r\n<div class=\"img-content-wrapper_circle\">\r\n<div class=\"img-content-wrapper_target img-content-wrapper_target--img right\">\r\n<img decoding=\"async\" src=\"https:\/\/baselle.com\/app\/uploads\/2024\/04\/Modshot-wearing-CHANEL-Funky-Town-Flap-Bag-with-Chunky-Chain-Black-Lambskin-Leather.webp\" alt=\"Modshot wearing CHANEL Funky Town Flap Bag with Chunky Chain Black Lambskin Leather\" class=\"img-content-wrapper__img entered lazyloaded right\" data-lazy-src=\"https:\/\/baselle.com\/app\/uploads\/2024\/04\/Modshot-wearing-CHANEL-Funky-Town-Flap-Bag-with-Chunky-Chain-Black-Lambskin-Leather.webp\" data-ll-status=\"loaded\">\r\n<\/div>\r\n<div class=\"img-content-wrapper_target\">\r\n<div class=\"img-content-wrapper_base-content\">\r\n<div class=\"img-content-wrapper_base\">\r\n<p><span>The idea for MyLovelyBoutique.com was born in 2015 when we were looking for an online shop for pre-loved luxury that was as safe and satisfying as buying new.<\/span><\/p> \r\n<p><span>We are your online shop for authenticity checked pre-loved or new designer bags &amp; accessories.<\/span><\/p>\r\n<p><span>Here you will find true designer treasures that we have carefully checked for authenticity and that were carried with love and handled  with care by the previous owner.<\/span><\/p>\r\n<p><span>Thus, only pre-loved pieces in good to like-new condition find their place with us.<\/span><\/p>\r\n<\/div>\r\n<\/div>\r\n<\/div>\r\n<\/div>\r\n<\/div>\r\n<\/div>\r\n\r\n<div class=\"img-content-wrapper img-content-wrapper--about-us\">\r\n<div class=\"about-container\">\r\n<div class=\"img-content-wrapper_circle\">\r\n<div class=\"img-content-wrapper_target img-content-wrapper_target--img left\">\r\n<img decoding=\"async\" src=\"https:\/\/baselle.com\/app\/uploads\/2024\/04\/Louis-Vuitton-Petite-Boite-Chapeau-Monogram-Reverse.webp\" alt=\"Louis-Vuitton-Petite-Boite-Chapeau-Monogram-Reverse\" class=\"img-content-wrapper__img entered lazyloaded left\" data-lazy-src=\"https:\/\/baselle.com\/app\/uploads\/2024\/04\/Louis-Vuitton-Petite-Boite-Chapeau-Monogram-Reverse.webp\" data-ll-status=\"loaded\">\r\n<\/div>\r\n<div class=\"img-content-wrapper_target\">\r\n<div class=\"img-content-wrapper_base-content\">\r\n<h2 class=\"img-content-wrapper__title\">The motivation<\/h2>\r\n<div class=\"img-content-wrapper_base\">\r\n<p><span style=\"font-weight: 400;\">The enthusiasm to save money with second-hand designer treasures, to create joy again and to make a positive contribution to our environment  at the same time motivates us every day.<\/span><\/p> \r\n<p><span>Especially in this day and age, it is more important than ever to invest in high-quality items that will give pleasure for longer.<\/span><\/p>\r\n<p><span><em>Baselle<\/em> - <em><strong>B<\/strong>uy<\/em> <em><strong>a<\/strong>nd<\/em> <em><strong>sell(e)<\/strong><\/em> for sustainability!\r\n\r\n<\/span><\/p>\r\n<\/div>\r\n<\/div>\r\n<\/div>\r\n<\/div>\r\n<\/div>\r\n<\/div>\r\n\r\n<div class=\"img-content-wrapper img-content-wrapper--about-us img-content-wrapper_back\">\r\n<div class=\"about-container\">\r\n<div class=\"img-content-wrapper_circle\">\r\n<div class=\"img-content-wrapper_target img-content-wrapper_target--img right\">\r\n<img decoding=\"async\" src=\"https:\/\/baselle.com\/app\/uploads\/2024\/04\/CHANEL-Mini-Rectangular-Black-Velvet-Second-Hand.webp\" alt=\"CHANEL Mini Rectangular Black Velvet Second Hand on MyLovelyBoutique\" class=\"img-content-wrapper__img entered lazyloaded right\" data-lazy-src=\"https:\/\/baselle.com\/app\/uploads\/2024\/04\/CHANEL-Mini-Rectangular-Black-Velvet-Second-Hand.webp\" data-ll-status=\"loaded\">\r\n<\/div>\r\n<div class=\"img-content-wrapper_target\">\r\n<div class=\"img-content-wrapper_base-content\">\r\n<h2 class=\"img-content-wrapper__title\">Our selection <\/h2>\r\n<div class=\"img-content-wrapper_base\">\r\n<p><span>In our lovingly designed online shop, we offer you selected and precisely checked designer treasures at great prices as well as trusted payment methods, so that you can enjoy a carefree shopping experience with us. <\/span><\/p><p><span>Because your trust and satisfaction are our top priority!<\/span><\/p>\r\n<\/div>\r\n<div class=\"img-content-wrapper_btn-layer\">\r\n<div class=\"img-content-wrapper_btn8\">\r\n<a href=\"https:\/\/baselle.com\/en\/shop\/\" class=\"img-content-wrapper_btn8 common8-btn\">\r\nShop now <\/a>\r\n<\/div>\r\n<\/div>\r\n<\/div>\r\n<\/div>\r\n<\/div>\r\n<\/div>\r\n<\/div>\r\n\r\n<div class=\"img-content-wrapper img-content-wrapper--about-us\">\r\n<div class=\"about-container\">\r\n<div class=\"img-content-wrapper_circle\">\r\n<div class=\"img-content-wrapper_target img-content-wrapper_target--img left\">\r\n<img decoding=\"async\" src=\"https:\/\/baselle.com\/app\/uploads\/2024\/04\/Hermes-Orange-Boxes-scaled.webp\" alt=\"Herm\u00e8s Orange Boxes\" class=\"img-content-wrapper__img entered lazyloaded left\" data-lazy-src=\"https:\/\/baselle.com\/app\/uploads\/2024\/04\/Hermes-Orange-Boxes-scaled.webp\" data-ll-status=\"loaded\">\r\n<\/div>\r\n<div class=\"img-content-wrapper_target\">\r\n<div class=\"img-content-wrapper_base-content\">\r\n<h2 class=\"img-content-wrapper__title\">The promise<\/h2>\r\n<div class=\"img-content-wrapper_base\">\r\n<p><span>We know that buying pre-owned luxury goods from private sellers is not always easy.<\/span><\/p>\r\n<p><span>Uncertainty about authenticity as well as deviations from the expected condition upon receipt of the long-awaited \u2018designer treasure\u2019 ruin a positive shopping experience in an instant. And returning a used item is either difficult or impossible.\r\n<\/span><\/p>\r\n<p><span>That's why at BASELLE we aim to give you the best possible pre-loved luxury shopping experience.<\/span><\/p>\r\n<\/div>\r\n<div class=\"img-content-wrapper_btn-layer\">\r\n<div class=\"img-content-wrapper_btn8\">\r\n<\/div>\r\n<\/div>\r\n<\/div>\r\n<\/div>\r\n<\/div>\r\n<\/div>\r\n<\/div>\r\n\r\n<div class=\"img-content-wrapper img-content-wrapper--about-us img-content-wrapper_back\">\r\n<div class=\"about-container\">\r\n<div class=\"img-content-wrapper_circle\">\r\n<div class=\"img-content-wrapper_target img-content-wrapper_target--img right\">\r\n<img decoding=\"async\" src=\"https:\/\/baselle.com\/app\/uploads\/2024\/04\/Hermes-2424-Eptom-Leather-Handbag-Etoupe.webp\" alt=\"Herme\u0300s 24:24 Eptom Leather Handbag Etoupe\" class=\"img-content-wrapper__img entered lazyloaded right\" data-lazy-src=\"https:\/\/baselle.com\/app\/uploads\/2024\/04\/Hermes-2424-Eptom-Leather-Handbag-Etoupe.webp\" data-ll-status=\"loaded\">\r\n<\/div>\r\n\r\n<div class=\"img-content-wrapper_target\">\r\n<div class=\"img-content-wrapper_base-content\">\r\n<h2 class=\"img-content-wrapper__title\"><\/h2>\r\n<div class=\"img-content-wrapper_base\">\r\n<p><span>At BASELLE you can shop with peace of mind because every item sold comes with a 100% money-back guarantee on authenticity and a 14-day return policy.<\/span><\/p> \r\n<p><span>This allows you to inspect the condition of the item in person and even take it to your local authorised dealer to ensure its quality and authenticity.<\/span><\/p> \r\n<span><\/p>And if you change your mind, you can simply return the item to us without giving any reason.\r\n<\/span><\/p>\r\n<\/div>\r\n<div class=\"img-content-wrapper_btn-layer\">\r\n<div class=\"img-content-wrapper_btn8\">\r\n<a href=\"https:\/\/baselle.com\/en\/echtheitspruefung\/\" class=\"img-content-wrapper_btn8 common8-btn\">\r\n<div class=\"Echtheitspr\u00fcfung\">How we authenticate<\/div> <\/a>\r\n<\/div>\r\n<\/div>\r\n<\/div>\r\n<\/div>\r\n<\/div>\r\n<\/div>\r\n<\/div>\r\n<\/section>","protected":false},"excerpt":{"rendered":"\u00dcber Uns Willkommen bei BASELLE Auf der Suche nach einem Online Shop f\u00fcr gebrauchte Luxusg\u00fcter, der genauso sicher und zufriedenstellend ist wie der Kauf neuer Produkte, entstand 2015 die Idee zu BASELLE (vorm. MyLovelyBoutique). Wir sind Dein Online-Shop f\u00fcr gepr\u00fcfte und originale Designertaschen & -accessoires aus erster sowie zweiter Hand. Bei uns findest Du wahre...<br><br><a class=\"read-more\" href=\"https:\/\/baselle.com\/en\/about-us-mlb\/\">weiterlesen<\/a>","protected":false},"author":1,"featured_media":0,"parent":0,"menu_order":0,"comment_status":"closed","ping_status":"closed","template":"template-fullwidth-no-breadcrumbs.php","meta":{"footnotes":""},"class_list":["post-20076","page","type-page","status-publish","hentry"],"_links":{"self":[{"href":"https:\/\/baselle.com\/en\/wp-json\/wp\/v2\/pages\/20076","targetHints":{"allow":["GET"]}}],"collection":[{"href":"https:\/\/baselle.com\/en\/wp-json\/wp\/v2\/pages"}],"about":[{"href":"https:\/\/baselle.com\/en\/wp-json\/wp\/v2\/types\/page"}],"author":[{"embeddable":true,"href":"https:\/\/baselle.com\/en\/wp-json\/wp\/v2\/users\/1"}],"replies":[{"embeddable":true,"href":"https:\/\/baselle.com\/en\/wp-json\/wp\/v2\/comments?post=20076"}],"version-history":[{"count":47,"href":"https:\/\/baselle.com\/en\/wp-json\/wp\/v2\/pages\/20076\/revisions"}],"predecessor-version":[{"id":22085,"href":"https:\/\/baselle.com\/en\/wp-json\/wp\/v2\/pages\/20076\/revisions\/22085"}],"wp:attachment":[{"href":"https:\/\/baselle.com\/en\/wp-json\/wp\/v2\/media?parent=20076"}],"curies":[{"name":"wp","href":"https:\/\/api.w.org\/{rel}","templated":true}]}}