{"id":18176,"date":"2023-08-24T17:49:53","date_gmt":"2023-08-24T15:49:53","guid":{"rendered":"https:\/\/baselle.com\/?page_id=18176"},"modified":"2024-09-04T20:30:05","modified_gmt":"2024-09-04T18:30:05","slug":"geschaeftsbedingungen-fuer-den-kommissionsverkauf","status":"publish","type":"page","link":"https:\/\/baselle.com\/en\/geschaeftsbedingungen-fuer-den-kommissionsverkauf\/","title":{"rendered":"Gesch\u00e4ftsbedingungen f\u00fcr den Kommissionsverkauf"},"content":{"rendered":"<p>Erg\u00e4nzend zu den Allgemeinen Gesch\u00e4ftsbedingungen von baselle.com gelten die folgenden Gesch\u00e4ftsbedingungen f\u00fcr den Kommissionsverkauf.<\/p>\n<h4>\u00a7 1 Vertragsschluss<\/h4>\n<p>(1) Im Falle des Vertragsschlusses kommt der Vertrag mit baselle.com, Inh. M. Schramm, Strigelstra\u00dfe 7, D-87700 Memmingen zustande (nachfolgend &#8220;Kommission\u00e4r&#8221;).<\/p>\n<p>(2) Der Vertrag kommt zustande durch Akzeptieren der Gesch\u00e4ftsbedingungen f\u00fcr den Kommissionsverkauf durch den Eigent\u00fcmer des Kommissionsguts (nachfolgend &#8220;Kommittent&#8221;).<\/p>\n<h4>\u00a7 2 Gegenstand und Gew\u00e4hrleistung<\/h4>\n<p>(1)\tDer Kommission\u00e4r \u00fcbernimmt es f\u00fcr den Kommitenten, die ihm \u00fcbergebene Ware (Kommissionsgut) zu verkaufen.<\/p>\n<p>(2)\tDer Kommission\u00e4r vereinbart vor Vertragsschluss mit dem Kommittenten einen Auszahlungspreis sowie einen Verkaufspreis. <\/p>\n<p>(3)\tDer Kommittent versichert, dass er uneingeschr\u00e4nkter Eigent\u00fcmer des Kommissionsguts ist. <\/p>\n<h4>\u00a7 3 Vertragsdauer<\/h4>\n<p>(1)\tDer Vertrag wird auf unbestimmte Zeit abgeschlossen, ist jedoch f\u00fcr mindestens 30 Tage g\u00fcltig. Er kann von jedem Vertragspartner mit einer Frist von 14 Tagen zum Monatsende gek\u00fcndigt werden. Die K\u00fcndigung kann schriftlich per Email an info@baselle.com erfolgen.<\/p>\n<p>(2)\tNach Vertragsbeendigung hat der Kommission\u00e4r die noch in seinem Besitz befindliche Kommissionsware nebst \u00fcberlassener Unterlagen und Zubeh\u00f6r dem Kommittenten zu \u00fcbergeben. <\/p>\n<h4>\u00a7 4 \u00dcbergabe und Verwahrung<\/h4>\n<p>(1)\tDas Kommissionsgut verbleibt bis zur vertragsgem\u00e4\u00dfen Weiterver\u00e4u\u00dferung durch den Kommission\u00e4r nach den Vorgaben des Vertrages im Eigentum des Kommittenten. Der Kommission\u00e4r ist verpflichtet, das Kommissionsgut sorgf\u00e4ltig und getrennt von anderen Waren aufzubewahren sowie vor Besch\u00e4digung und Verlust zu sch\u00fctzen. <\/p>\n<p>(2)\tDer Kommission\u00e4r ist verpflichtet, das Kommissionsgut ausreichend zu versichern.<\/p>\n<h4>\u00a7 5 Verkaufsverpflichtung und Selbsteintritt<\/h4>\n<p>(1)\tDer Kommission\u00e4r verkauft das Kommissionsgut im eigenen Namen und im Auftrag des Kommittenten.<\/p>\n<p>(2)\tDer Kommission\u00e4r wird nach den Weisungen des Kommittenten handeln.<\/p>\n<p>(3)\tDer Kommission\u00e4r hat den vertraglich festgesetzten Mindestpreis zu beachten. Eine Unterschreitung des Mindestpreises darf nur nach vorheriger R\u00fccksprache mit dem Kommittenten erfolgen. <\/p>\n<p>(4)\tDie aus dem Ausf\u00fchrungsgesch\u00e4ft entstehenden Forderungen werden hiermit s\u00e4mtlich an den Kommittenten abgetreten. Der Kommission\u00e4r kann aber diese Forderungen selbst einziehen. Der Kommittent kann die Einziehungserm\u00e4chtigung jederzeit widerrufen. <\/p>\n<p>(5)\tDer Kommission\u00e4r wird den Namen des Kommittenten gegen\u00fcber dem Erwerber geheim halten, es sei denn, der Kommittent willigt hierzu ein.<\/p>\n<h4>\u00a7 6 Provision<\/h4>\n<p>(1)\tDer Kommission\u00e4r erh\u00e4lt f\u00fcr den erfolgten Verkauf eine Provision wie folgt:<br \/>\n25 % des Verkaufspreises f\u00fcr ein Kommissionsgut im Wert von bis zu 1.500 \u20ac<br \/>\n20 % des Verkaufspreises f\u00fcr ein Kommissionsgut im Wert von 1.501 \u20ac bis 3.000 \u20ac<br \/>\n15 % des Verkaufspreises f\u00fcr ein Kommissionsgut im Wert von mehr als 3.000 \u20ac<br \/>\nVersandkosten in H\u00f6he von 50\u20ac werden auf den vereinbarten Verkaufspreis aufgeschlagen und sind vom Vertrag ausgeschlossen.<\/p>\n<p>(2)\tF\u00fcr nicht ausgef\u00fchrte Gesch\u00e4fte besteht kein Anspruch auf Provision, es sei denn es geht auf einen Grund zur\u00fcck, den der Kommittent zu vertreten hat<\/p>\n<p>(3)\tMit der Provision sowie der Versandkostenpauschale sind s\u00e4mtliche Kosten und Spesen des Kommission\u00e4rs abgegolten. <\/p>\n<p>(4)\tDer Kommission\u00e4r wird den Auszahlungsbetrag innerhalb von 10 Werktagen nach Ablauf des Widerrufsrechts des Kunden an den Kommittenten auszahlen. Der Auszahlungsbetrag ergibt sich nach Abzug der Provision sowie der vom Vertrag ausgeschlossenen Versandkosten vom endg\u00fcltigen Verkaufspreis.<\/p>\n<h4>\u00a7 7 Haftung<\/h4>\n<p>(1)\tDer Kommission\u00e4r haftet f\u00fcr Vorsatz und grobe Fahrl\u00e4ssigkeit<\/p>\n<p>(2)\tF\u00fcr Sach- und Rechtsm\u00e4ngel gelten in entsprechender Anwendung die Vorschriften des Kaufrechts.<\/p>","protected":false},"excerpt":{"rendered":"<p>Erg\u00e4nzend zu den Allgemeinen Gesch\u00e4ftsbedingungen von baselle.com gelten die folgenden Gesch\u00e4ftsbedingungen f\u00fcr den Kommissionsverkauf. \u00a7 1 Vertragsschluss (1) Im Falle des Vertragsschlusses kommt der Vertrag mit baselle.com, Inh. M. Schramm, Strigelstra\u00dfe 7, D-87700 Memmingen zustande (nachfolgend &#8220;Kommission\u00e4r&#8221;). (2) Der Vertrag kommt zustande durch Akzeptieren der Gesch\u00e4ftsbedingungen f\u00fcr den Kommissionsverkauf durch den Eigent\u00fcmer des Kommissionsguts (nachfolgend&#8230;<\/p>\n<p><a class=\"read-more\" href=\"https:\/\/baselle.com\/en\/geschaeftsbedingungen-fuer-den-kommissionsverkauf\/\">weiterlesen<\/a><\/p>","protected":false},"author":506,"featured_media":0,"parent":0,"menu_order":0,"comment_status":"closed","ping_status":"closed","template":"template-fullwidth.php","meta":{"footnotes":""},"class_list":["post-18176","page","type-page","status-publish","hentry"],"_links":{"self":[{"href":"https:\/\/baselle.com\/en\/wp-json\/wp\/v2\/pages\/18176","targetHints":{"allow":["GET"]}}],"collection":[{"href":"https:\/\/baselle.com\/en\/wp-json\/wp\/v2\/pages"}],"about":[{"href":"https:\/\/baselle.com\/en\/wp-json\/wp\/v2\/types\/page"}],"author":[{"embeddable":true,"href":"https:\/\/baselle.com\/en\/wp-json\/wp\/v2\/users\/506"}],"replies":[{"embeddable":true,"href":"https:\/\/baselle.com\/en\/wp-json\/wp\/v2\/comments?post=18176"}],"version-history":[{"count":12,"href":"https:\/\/baselle.com\/en\/wp-json\/wp\/v2\/pages\/18176\/revisions"}],"predecessor-version":[{"id":22052,"href":"https:\/\/baselle.com\/en\/wp-json\/wp\/v2\/pages\/18176\/revisions\/22052"}],"wp:attachment":[{"href":"https:\/\/baselle.com\/en\/wp-json\/wp\/v2\/media?parent=18176"}],"curies":[{"name":"wp","href":"https:\/\/api.w.org\/{rel}","templated":true}]}}